{"id":527,"date":"2026-03-11T21:29:13","date_gmt":"2026-03-11T21:29:13","guid":{"rendered":"https:\/\/catamarcatech.com\/?product=caloventor-om-2001"},"modified":"2026-04-14T15:00:03","modified_gmt":"2026-04-14T15:00:03","slug":"caloventor-om-2001","status":"publish","type":"product","link":"https:\/\/catamarcatech.com\/?product=caloventor-om-2001","title":{"rendered":"CALOVENTOR OM 2000"},"content":{"rendered":"<p>Caloventor el\u00e9ctrico con un dise\u00f1o compacto muy pr\u00e1ctico para mover de un ambiente a otro.\u00a0Caloventor Fr\u00edo \/ Calor doble funcionalidad, permite su uso en invierno y en verano. La combinaci\u00f3n del termostato de corte autom\u00e1tico junto al turbo de aire ofrece la temperatura ideal.<\/p>\n<ul>\n<li>Peso 0.985 kg<\/li>\n<li>Caloventor el\u00e9ctrico<\/li>\n<li>Potencia m\u00e1xima 2000 Watts<\/li>\n<li>2 niveles de temperatura<\/li>\n<li>Funci\u00f3n ventilaci\u00f3n<\/li>\n<li>Corte corriente de seguridad<\/li>\n<li>Termostato regulable<\/li>\n<li>Luz indicadora de encendido<\/li>\n<\/ul>\n","protected":false},"excerpt":{"rendered":"<p>Caloventor el\u00e9ctrico con un dise\u00f1o compacto muy pr\u00e1ctico para mover de un ambiente a otro.\u00a0Caloventor Fr\u00edo \/ Calor doble funcionalidad, permite su uso en invierno y en verano. La combinaci\u00f3n del termostato de corte autom\u00e1tico junto al turbo de aire ofrece la temperatura ideal. Peso 0.985 kg Caloventor el\u00e9ctrico Potencia m\u00e1xima 2000 Watts 2 niveles [&hellip;]<\/p>\n","protected":false},"featured_media":511,"template":"","meta":[],"product_brand":[],"product_cat":[33],"product_tag":[],"class_list":{"0":"post-527","1":"product","2":"type-product","3":"status-publish","4":"has-post-thumbnail","6":"product_cat-hogar","8":"first","9":"instock","10":"shipping-taxable","11":"purchasable","12":"product-type-simple"},"jetpack_sharing_enabled":true,"_links":{"self":[{"href":"https:\/\/catamarcatech.com\/index.php?rest_route=\/wp\/v2\/product\/527","targetHints":{"allow":["GET"]}}],"collection":[{"href":"https:\/\/catamarcatech.com\/index.php?rest_route=\/wp\/v2\/product"}],"about":[{"href":"https:\/\/catamarcatech.com\/index.php?rest_route=\/wp\/v2\/types\/product"}],"wp:featuredmedia":[{"embeddable":true,"href":"https:\/\/catamarcatech.com\/index.php?rest_route=\/wp\/v2\/media\/511"}],"wp:attachment":[{"href":"https:\/\/catamarcatech.com\/index.php?rest_route=%2Fwp%2Fv2%2Fmedia&parent=527"}],"wp:term":[{"taxonomy":"product_brand","embeddable":true,"href":"https:\/\/catamarcatech.com\/index.php?rest_route=%2Fwp%2Fv2%2Fproduct_brand&post=527"},{"taxonomy":"product_cat","embeddable":true,"href":"https:\/\/catamarcatech.com\/index.php?rest_route=%2Fwp%2Fv2%2Fproduct_cat&post=527"},{"taxonomy":"product_tag","embeddable":true,"href":"https:\/\/catamarcatech.com\/index.php?rest_route=%2Fwp%2Fv2%2Fproduct_tag&post=527"}],"curies":[{"name":"wp","href":"https:\/\/api.w.org\/{rel}","templated":true}]}}