{"id":573,"date":"2026-03-17T21:12:11","date_gmt":"2026-03-17T21:12:11","guid":{"rendered":"https:\/\/catamarcatech.com\/?post_type=product&#038;p=573"},"modified":"2026-04-06T12:56:59","modified_gmt":"2026-04-06T12:56:59","slug":"microfono-inalambrico-profesional-netmak-nm-mc16","status":"publish","type":"product","link":"https:\/\/catamarcatech.com\/?product=microfono-inalambrico-profesional-netmak-nm-mc16","title":{"rendered":"MICROFONO INALAMBRICO PROFESIONAL NETMAK NM-MC16"},"content":{"rendered":"<p>Disfruta de un sonido n\u00edtido y profesional con este micr\u00f3fono inal\u00e1mbrico dise\u00f1ado para karaoke, eventos y presentaciones. Su tecnolog\u00eda garantiza una conexi\u00f3n estable y libre de interferencias, mientras que su dise\u00f1o resistente lo convierte en la opci\u00f3n ideal para cualquier ocasi\u00f3n.<\/p>\n<p>\u2022 Alcance: 10m<br \/>\n\u2022 Sonido profesional, claro y potente.<br \/>\n\u2022 Pantalla LED que indica el canal y la frecuencia<br \/>\n\u2022 Ideal para karaoke, eventos y presentaciones.<br \/>\n\u2022 Conexi\u00f3n r\u00e1pida y sencilla a equipos de sonido.<br \/>\n\u2022 Respuesta de frecuencia de 50hz a 15.000hz<br \/>\n\u2022 Cabeza cil\u00edndrica con rejilla met\u00e1lica<br \/>\n\u2022 Receptor con Plug 6.3mm con bater\u00eda recargable<br \/>\n\u2022 El micr\u00f3fono funciona con 2 pilas AA (no incluidas)<br \/>\n\u2022 Incluye adaptador 6,3mm a 3,5mm<\/p>\n","protected":false},"excerpt":{"rendered":"<p>Disfruta de un sonido n\u00edtido y profesional con este micr\u00f3fono inal\u00e1mbrico dise\u00f1ado para karaoke, eventos y presentaciones. Su tecnolog\u00eda garantiza una conexi\u00f3n estable y libre de interferencias, mientras que su dise\u00f1o resistente lo convierte en la opci\u00f3n ideal para cualquier ocasi\u00f3n. \u2022 Alcance: 10m \u2022 Sonido profesional, claro y potente. \u2022 Pantalla LED que indica [&hellip;]<\/p>\n","protected":false},"featured_media":574,"template":"","meta":[],"product_brand":[],"product_cat":[60],"product_tag":[],"class_list":{"0":"post-573","1":"product","2":"type-product","3":"status-publish","4":"has-post-thumbnail","6":"product_cat-microfonos","8":"first","9":"instock","10":"shipping-taxable","11":"purchasable","12":"product-type-simple"},"jetpack_sharing_enabled":true,"_links":{"self":[{"href":"https:\/\/catamarcatech.com\/index.php?rest_route=\/wp\/v2\/product\/573","targetHints":{"allow":["GET"]}}],"collection":[{"href":"https:\/\/catamarcatech.com\/index.php?rest_route=\/wp\/v2\/product"}],"about":[{"href":"https:\/\/catamarcatech.com\/index.php?rest_route=\/wp\/v2\/types\/product"}],"wp:featuredmedia":[{"embeddable":true,"href":"https:\/\/catamarcatech.com\/index.php?rest_route=\/wp\/v2\/media\/574"}],"wp:attachment":[{"href":"https:\/\/catamarcatech.com\/index.php?rest_route=%2Fwp%2Fv2%2Fmedia&parent=573"}],"wp:term":[{"taxonomy":"product_brand","embeddable":true,"href":"https:\/\/catamarcatech.com\/index.php?rest_route=%2Fwp%2Fv2%2Fproduct_brand&post=573"},{"taxonomy":"product_cat","embeddable":true,"href":"https:\/\/catamarcatech.com\/index.php?rest_route=%2Fwp%2Fv2%2Fproduct_cat&post=573"},{"taxonomy":"product_tag","embeddable":true,"href":"https:\/\/catamarcatech.com\/index.php?rest_route=%2Fwp%2Fv2%2Fproduct_tag&post=573"}],"curies":[{"name":"wp","href":"https:\/\/api.w.org\/{rel}","templated":true}]}}