{"id":622,"date":"2026-03-18T23:04:10","date_gmt":"2026-03-18T23:04:10","guid":{"rendered":"https:\/\/catamarcatech.com\/?product=pilas-aaa-recargable-x2-1000mah-multilaser"},"modified":"2026-03-20T01:53:25","modified_gmt":"2026-03-20T01:53:25","slug":"pilas-aaa-recargable-x2-1000mah-multilaser","status":"publish","type":"product","link":"https:\/\/catamarcatech.com\/?product=pilas-aaa-recargable-x2-1000mah-multilaser","title":{"rendered":"PILAS AAA RECARGABLE x2 1000Mah MULTILASER"},"content":{"rendered":"<p>Esta pila Multilaser te garantiza que tendr\u00e1s energ\u00eda en la que pod\u00e9s confiar, tanto si te estas preparando para esa tormenta que se ve en el horizonte o simplemente deleitando a tus hijos con un juguete a control remoto \u00a1Tendr\u00e1s energ\u00eda en todo momento!<\/p>\n<p>Al ser recargables tienen una mayor duraci\u00f3n y generan menos residuos. As\u00ed, tus dispositivos tendr\u00e1n siempre energ\u00eda para funcionar sin que tengas que preocuparte por ello, \u00a1olvidate de comprar pilas a menudo!.<\/p>\n<ul>\n<li>Voltaje nominal: 1.2V<\/li>\n<li>Es recargable: S\u00ed<\/li>\n<li>Composici\u00f3n: Ni-MH<\/li>\n<li>Capacidad de la pila: 1.000 mAh<\/li>\n<li>Color: Azul<\/li>\n<li>Con mercurio: No<\/li>\n<\/ul>\n<p>&nbsp;<\/p>\n","protected":false},"excerpt":{"rendered":"<p>Esta pila Multilaser te garantiza que tendr\u00e1s energ\u00eda en la que pod\u00e9s confiar, tanto si te estas preparando para esa tormenta que se ve en el horizonte o simplemente deleitando a tus hijos con un juguete a control remoto \u00a1Tendr\u00e1s energ\u00eda en todo momento! Al ser recargables tienen una mayor duraci\u00f3n y generan menos residuos. [&hellip;]<\/p>\n","protected":false},"featured_media":649,"template":"","meta":[],"product_brand":[],"product_cat":[30],"product_tag":[],"class_list":{"0":"post-622","1":"product","2":"type-product","3":"status-publish","4":"has-post-thumbnail","6":"product_cat-energia-2","8":"first","9":"instock","10":"shipping-taxable","11":"purchasable","12":"product-type-simple"},"jetpack_sharing_enabled":true,"_links":{"self":[{"href":"https:\/\/catamarcatech.com\/index.php?rest_route=\/wp\/v2\/product\/622","targetHints":{"allow":["GET"]}}],"collection":[{"href":"https:\/\/catamarcatech.com\/index.php?rest_route=\/wp\/v2\/product"}],"about":[{"href":"https:\/\/catamarcatech.com\/index.php?rest_route=\/wp\/v2\/types\/product"}],"wp:featuredmedia":[{"embeddable":true,"href":"https:\/\/catamarcatech.com\/index.php?rest_route=\/wp\/v2\/media\/649"}],"wp:attachment":[{"href":"https:\/\/catamarcatech.com\/index.php?rest_route=%2Fwp%2Fv2%2Fmedia&parent=622"}],"wp:term":[{"taxonomy":"product_brand","embeddable":true,"href":"https:\/\/catamarcatech.com\/index.php?rest_route=%2Fwp%2Fv2%2Fproduct_brand&post=622"},{"taxonomy":"product_cat","embeddable":true,"href":"https:\/\/catamarcatech.com\/index.php?rest_route=%2Fwp%2Fv2%2Fproduct_cat&post=622"},{"taxonomy":"product_tag","embeddable":true,"href":"https:\/\/catamarcatech.com\/index.php?rest_route=%2Fwp%2Fv2%2Fproduct_tag&post=622"}],"curies":[{"name":"wp","href":"https:\/\/api.w.org\/{rel}","templated":true}]}}