{"id":623,"date":"2026-03-18T23:04:10","date_gmt":"2026-03-18T23:04:10","guid":{"rendered":"https:\/\/catamarcatech.com\/?product=pilas-aaa-recargable-x2-noga-metal-1-1a"},"modified":"2026-04-21T20:33:14","modified_gmt":"2026-04-21T20:33:14","slug":"pilas-aaa-recargable-x2-noga-metal-1-1a","status":"publish","type":"product","link":"https:\/\/catamarcatech.com\/?product=pilas-aaa-recargable-x2-noga-metal-1-1a","title":{"rendered":"PILAS AAA RECARGABLE x2 NOGA METAL 1.1A"},"content":{"rendered":"<p>Pilas recargables Noga Power para C\u00e1mara Digital, Control Remoto, Consola de Juegos Port\u00e1til, etc. Calidad que cuida el Medio Ambiente.<\/p>\n<ul>\n<li>Voltaje nominal: 1.2V<\/li>\n<li>Es recargable: S\u00ed<\/li>\n<li>Composici\u00f3n: Ni-MH<\/li>\n<li>Capacidad de la pila: 1.100 mAh<\/li>\n<\/ul>\n<p>&nbsp;<\/p>\n","protected":false},"excerpt":{"rendered":"<p>Pilas recargables Noga Power para C\u00e1mara Digital, Control Remoto, Consola de Juegos Port\u00e1til, etc. Calidad que cuida el Medio Ambiente. Voltaje nominal: 1.2V Es recargable: S\u00ed Composici\u00f3n: Ni-MH Capacidad de la pila: 1.100 mAh &nbsp;<\/p>\n","protected":false},"featured_media":651,"template":"","meta":[],"product_brand":[],"product_cat":[30],"product_tag":[],"class_list":{"0":"post-623","1":"product","2":"type-product","3":"status-publish","4":"has-post-thumbnail","6":"product_cat-energia-2","8":"first","9":"instock","10":"shipping-taxable","11":"purchasable","12":"product-type-simple"},"jetpack_sharing_enabled":true,"_links":{"self":[{"href":"https:\/\/catamarcatech.com\/index.php?rest_route=\/wp\/v2\/product\/623","targetHints":{"allow":["GET"]}}],"collection":[{"href":"https:\/\/catamarcatech.com\/index.php?rest_route=\/wp\/v2\/product"}],"about":[{"href":"https:\/\/catamarcatech.com\/index.php?rest_route=\/wp\/v2\/types\/product"}],"wp:featuredmedia":[{"embeddable":true,"href":"https:\/\/catamarcatech.com\/index.php?rest_route=\/wp\/v2\/media\/651"}],"wp:attachment":[{"href":"https:\/\/catamarcatech.com\/index.php?rest_route=%2Fwp%2Fv2%2Fmedia&parent=623"}],"wp:term":[{"taxonomy":"product_brand","embeddable":true,"href":"https:\/\/catamarcatech.com\/index.php?rest_route=%2Fwp%2Fv2%2Fproduct_brand&post=623"},{"taxonomy":"product_cat","embeddable":true,"href":"https:\/\/catamarcatech.com\/index.php?rest_route=%2Fwp%2Fv2%2Fproduct_cat&post=623"},{"taxonomy":"product_tag","embeddable":true,"href":"https:\/\/catamarcatech.com\/index.php?rest_route=%2Fwp%2Fv2%2Fproduct_tag&post=623"}],"curies":[{"name":"wp","href":"https:\/\/api.w.org\/{rel}","templated":true}]}}