{"id":732,"date":"2026-03-28T01:13:31","date_gmt":"2026-03-28T01:13:31","guid":{"rendered":"https:\/\/catamarcatech.com\/?post_type=product&#038;p=732"},"modified":"2026-03-28T01:13:32","modified_gmt":"2026-03-28T01:13:32","slug":"camara-seguridad-tplink-2k-qhd-exterior-tapo-c530ws","status":"publish","type":"product","link":"https:\/\/catamarcatech.com\/?product=camara-seguridad-tplink-2k-qhd-exterior-tapo-c530ws","title":{"rendered":"CAMARA SEGURIDAD TPLINK 2K QHD EXTERIOR TAPO-C530WS"},"content":{"rendered":"<ul>\n<li>Vista en Vivo 3K 5MP.\u00a0Calidad de video mejorada para ver m\u00e1s detalles.<\/li>\n<li>Visi\u00f3n Nocturna en Color Starlight .Mejora tu seguridad revelando im\u00e1genes m\u00e1s brillantes a todo color y detalles v\u00edvidos incluso en condiciones de poca luz con focos incorporados y el sensor starlight.<\/li>\n<li>Protecci\u00f3n Integral de 360\u00b0. Disfruta de vistas horizontales de 360\u00b0 y verticales de 130\u00b0 con seguimiento de movimiento para eliminar puntos ciegos. Activa el modo patrulla para recorrer m\u00faltiples puntos personalizados.<\/li>\n<li>Detecci\u00f3n IA Integral. La IA inteligente identifica con precisi\u00f3n personas, mascotas y veh\u00edculos, incluyendo detecci\u00f3n de manipulaci\u00f3n y cruce de l\u00ednea, minimizando alertas falsas y notificaciones innecesarias.<\/li>\n<li>Conexiones Flexibles y Red Confiable. Conecta tu c\u00e1mara v\u00eda Wi-Fi o Ethernet para una instalaci\u00f3n flexible. Las potentes antenas dobles aseguran conectividad hasta 150 m (492 pies) en \u00e1reas abiertas.<\/li>\n<li>Resistencia a la Intemperie IP66. Ofrece un excelente rendimiento impermeable y a prueba de polvo para escenarios exteriores. Funciona bien bajo la lluvia, el polvo y el calor.<\/li>\n<li>Alarma de Luz y Sonido Personalizable. La luz ultrabrillante ajustable disuade a visitantes no deseados, mientras que las alarmas de audio personalizadas ofrecen usos adicionales.<\/li>\n<li>Almacenamiento Seguro Local y en la Nube. Guarda momentos cruciales en una tarjeta microSD\u00a0 (soporta hasta 512 GB) o suscr\u00edbete a Tapo Care para almacenamiento en la nube<\/li>\n<li>Audio Bidireccional. Permite la comunicaci\u00f3n a trav\u00e9s de un micr\u00f3fono y altavoz incorporados.<\/li>\n<\/ul>\n","protected":false},"excerpt":{"rendered":"<p>Vista en Vivo 3K 5MP.\u00a0Calidad de video mejorada para ver m\u00e1s detalles. Visi\u00f3n Nocturna en Color Starlight .Mejora tu seguridad revelando im\u00e1genes m\u00e1s brillantes a todo color y detalles v\u00edvidos incluso en condiciones de poca luz con focos incorporados y el sensor starlight. Protecci\u00f3n Integral de 360\u00b0. Disfruta de vistas horizontales de 360\u00b0 y verticales [&hellip;]<\/p>\n","protected":false},"featured_media":733,"template":"","meta":[],"product_brand":[],"product_cat":[39],"product_tag":[],"class_list":{"0":"post-732","1":"product","2":"type-product","3":"status-publish","4":"has-post-thumbnail","6":"product_cat-seguridad","8":"first","9":"instock","10":"shipping-taxable","11":"purchasable","12":"product-type-simple"},"jetpack_sharing_enabled":true,"_links":{"self":[{"href":"https:\/\/catamarcatech.com\/index.php?rest_route=\/wp\/v2\/product\/732","targetHints":{"allow":["GET"]}}],"collection":[{"href":"https:\/\/catamarcatech.com\/index.php?rest_route=\/wp\/v2\/product"}],"about":[{"href":"https:\/\/catamarcatech.com\/index.php?rest_route=\/wp\/v2\/types\/product"}],"wp:featuredmedia":[{"embeddable":true,"href":"https:\/\/catamarcatech.com\/index.php?rest_route=\/wp\/v2\/media\/733"}],"wp:attachment":[{"href":"https:\/\/catamarcatech.com\/index.php?rest_route=%2Fwp%2Fv2%2Fmedia&parent=732"}],"wp:term":[{"taxonomy":"product_brand","embeddable":true,"href":"https:\/\/catamarcatech.com\/index.php?rest_route=%2Fwp%2Fv2%2Fproduct_brand&post=732"},{"taxonomy":"product_cat","embeddable":true,"href":"https:\/\/catamarcatech.com\/index.php?rest_route=%2Fwp%2Fv2%2Fproduct_cat&post=732"},{"taxonomy":"product_tag","embeddable":true,"href":"https:\/\/catamarcatech.com\/index.php?rest_route=%2Fwp%2Fv2%2Fproduct_tag&post=732"}],"curies":[{"name":"wp","href":"https:\/\/api.w.org\/{rel}","templated":true}]}}