{"id":741,"date":"2026-03-28T01:22:38","date_gmt":"2026-03-28T01:22:38","guid":{"rendered":"https:\/\/catamarcatech.com\/?post_type=product&#038;p=741"},"modified":"2026-03-28T01:22:38","modified_gmt":"2026-03-28T01:22:38","slug":"auriculares-bt-c-display-netmak-nm-biza-p-rosa","status":"publish","type":"product","link":"https:\/\/catamarcatech.com\/?product=auriculares-bt-c-display-netmak-nm-biza-p-rosa","title":{"rendered":"AURICULARES BT C\/DISPLAY NETMAK NM-BIZA-P ROSA"},"content":{"rendered":"<ul>\n<li>Conexi\u00f3n Bluetooth: versi\u00f3n 5.0<\/li>\n<li>Sistema con bot\u00f3n t\u00e1ctil<\/li>\n<li>Display digital con indicador de carga<\/li>\n<li>Alcance: 10mts<\/li>\n<li>Tiempo de uso: 4hs aprox<\/li>\n<li>Bateria de carga: 50mAh<\/li>\n<li>Corriente entrada; 5V-500mAh<\/li>\n<li>Corriente salida: 5V-200mAh<\/li>\n<li>Impedancia: 32<\/li>\n<\/ul>\n","protected":false},"excerpt":{"rendered":"<p>Conexi\u00f3n Bluetooth: versi\u00f3n 5.0 Sistema con bot\u00f3n t\u00e1ctil Display digital con indicador de carga Alcance: 10mts Tiempo de uso: 4hs aprox Bateria de carga: 50mAh Corriente entrada; 5V-500mAh Corriente salida: 5V-200mAh Impedancia: 32<\/p>\n","protected":false},"featured_media":742,"template":"","meta":[],"product_brand":[],"product_cat":[43],"product_tag":[],"class_list":{"0":"post-741","1":"product","2":"type-product","3":"status-publish","4":"has-post-thumbnail","6":"product_cat-auriculares","8":"first","9":"instock","10":"shipping-taxable","11":"purchasable","12":"product-type-simple"},"jetpack_sharing_enabled":true,"_links":{"self":[{"href":"https:\/\/catamarcatech.com\/index.php?rest_route=\/wp\/v2\/product\/741","targetHints":{"allow":["GET"]}}],"collection":[{"href":"https:\/\/catamarcatech.com\/index.php?rest_route=\/wp\/v2\/product"}],"about":[{"href":"https:\/\/catamarcatech.com\/index.php?rest_route=\/wp\/v2\/types\/product"}],"wp:featuredmedia":[{"embeddable":true,"href":"https:\/\/catamarcatech.com\/index.php?rest_route=\/wp\/v2\/media\/742"}],"wp:attachment":[{"href":"https:\/\/catamarcatech.com\/index.php?rest_route=%2Fwp%2Fv2%2Fmedia&parent=741"}],"wp:term":[{"taxonomy":"product_brand","embeddable":true,"href":"https:\/\/catamarcatech.com\/index.php?rest_route=%2Fwp%2Fv2%2Fproduct_brand&post=741"},{"taxonomy":"product_cat","embeddable":true,"href":"https:\/\/catamarcatech.com\/index.php?rest_route=%2Fwp%2Fv2%2Fproduct_cat&post=741"},{"taxonomy":"product_tag","embeddable":true,"href":"https:\/\/catamarcatech.com\/index.php?rest_route=%2Fwp%2Fv2%2Fproduct_tag&post=741"}],"curies":[{"name":"wp","href":"https:\/\/api.w.org\/{rel}","templated":true}]}}