{"id":756,"date":"2026-03-31T03:37:07","date_gmt":"2026-03-31T03:37:07","guid":{"rendered":"https:\/\/catamarcatech.com\/?post_type=product&#038;p=756"},"modified":"2026-03-31T03:37:07","modified_gmt":"2026-03-31T03:37:07","slug":"ventilador-de-escritorio","status":"publish","type":"product","link":"https:\/\/catamarcatech.com\/?product=ventilador-de-escritorio","title":{"rendered":"VENTILADOR DE ESCRITORIO"},"content":{"rendered":"<ul>\n<li>Ventilador de escritorio compacto pero potente<\/li>\n<li>Bater\u00eda de gran capacidad te permite usarlo con confianza.<\/li>\n<li><span style=\"font-size: 1rem;\">5 modos de velocidad ajustables<\/span><\/li>\n<li><span style=\"font-size: 1rem;\">Dise\u00f1o giratorio de 180 grados permite usarlo no solo en un escritorio, sino tambi\u00e9n colgarlo en dispositivos port\u00e1tiles.<\/span><\/li>\n<li>Pantalla LED indicadora de velocidad del viento y la duraci\u00f3n de la bater\u00eda.<\/li>\n<li>Puerto de carga USB-C para una carga m\u00e1s r\u00e1pida y estable.<\/li>\n<li>Tiempo de uso: en circunstancias normales, de 4 a 6 horas.<\/li>\n<li>Equipado con 4 aspas de alta calidad, que generan un flujo de aire m\u00e1s amplio y equilibrado<\/li>\n<li>El sistema de flujo de aire est\u00e1 dise\u00f1ado para reducir significativamente el ruido de los motores y los ventiladores USB en hasta 26 db<\/li>\n<\/ul>\n","protected":false},"excerpt":{"rendered":"<p>Ventilador de escritorio compacto pero potente Bater\u00eda de gran capacidad te permite usarlo con confianza. 5 modos de velocidad ajustables Dise\u00f1o giratorio de 180 grados permite usarlo no solo en un escritorio, sino tambi\u00e9n colgarlo en dispositivos port\u00e1tiles. Pantalla LED indicadora de velocidad del viento y la duraci\u00f3n de la bater\u00eda. Puerto de carga USB-C [&hellip;]<\/p>\n","protected":false},"featured_media":757,"template":"","meta":[],"product_brand":[],"product_cat":[33],"product_tag":[],"class_list":{"0":"post-756","1":"product","2":"type-product","3":"status-publish","4":"has-post-thumbnail","6":"product_cat-hogar","8":"first","9":"instock","10":"shipping-taxable","11":"purchasable","12":"product-type-simple"},"jetpack_sharing_enabled":true,"_links":{"self":[{"href":"https:\/\/catamarcatech.com\/index.php?rest_route=\/wp\/v2\/product\/756","targetHints":{"allow":["GET"]}}],"collection":[{"href":"https:\/\/catamarcatech.com\/index.php?rest_route=\/wp\/v2\/product"}],"about":[{"href":"https:\/\/catamarcatech.com\/index.php?rest_route=\/wp\/v2\/types\/product"}],"wp:featuredmedia":[{"embeddable":true,"href":"https:\/\/catamarcatech.com\/index.php?rest_route=\/wp\/v2\/media\/757"}],"wp:attachment":[{"href":"https:\/\/catamarcatech.com\/index.php?rest_route=%2Fwp%2Fv2%2Fmedia&parent=756"}],"wp:term":[{"taxonomy":"product_brand","embeddable":true,"href":"https:\/\/catamarcatech.com\/index.php?rest_route=%2Fwp%2Fv2%2Fproduct_brand&post=756"},{"taxonomy":"product_cat","embeddable":true,"href":"https:\/\/catamarcatech.com\/index.php?rest_route=%2Fwp%2Fv2%2Fproduct_cat&post=756"},{"taxonomy":"product_tag","embeddable":true,"href":"https:\/\/catamarcatech.com\/index.php?rest_route=%2Fwp%2Fv2%2Fproduct_tag&post=756"}],"curies":[{"name":"wp","href":"https:\/\/api.w.org\/{rel}","templated":true}]}}