{"id":826,"date":"2026-04-14T15:07:09","date_gmt":"2026-04-14T15:07:09","guid":{"rendered":"https:\/\/catamarcatech.com\/?post_type=product&#038;p=826"},"modified":"2026-04-14T15:07:09","modified_gmt":"2026-04-14T15:07:09","slug":"microfono-inalambrico-combo-set-x-2-netmak-nm-mc18-negro","status":"publish","type":"product","link":"https:\/\/catamarcatech.com\/?product=microfono-inalambrico-combo-set-x-2-netmak-nm-mc18-negro","title":{"rendered":"MICROFONO INALAMBRICO COMBO SET X 2 NETMAK NM-MC18 NEGRO"},"content":{"rendered":"<p>Este set de dos micr\u00f3fonos inal\u00e1mbricos ofrece libertad de movimiento y sonido n\u00edtido, ideal para karaoke y otros eventos. <span style=\"font-size: 1rem;\">Su dise\u00f1o unidireccional mejora la claridad de la voz y reduce los ruidos para una experiencia profesional.<\/span><\/p>\n<ul>\n<li><span style=\"font-size: 1rem;\">Alcance: 10m<\/span><\/li>\n<li><span style=\"font-size: 1rem;\"> Tecnolog\u00eda unidireccional para mayor claridad de voz.<\/span><\/li>\n<li><span style=\"font-size: 1rem;\">Receptor con Plug 6.3mm con bater\u00eda recargable.<\/span><\/li>\n<li><span style=\"font-size: 1rem;\">Transmisi\u00f3n confiable y sonido n\u00edtido.<\/span><\/li>\n<li><span style=\"font-size: 1rem;\">Dise\u00f1o ideal para karaoke y eventos.<\/span><\/li>\n<li><span style=\"font-size: 1rem;\">Pantalla LED que indica el canal y la frecuencia.<\/span><\/li>\n<li><span style=\"font-size: 1rem;\">Cada micr\u00f3fono funciona con 2 pilas AA (no incluidas).<\/span><\/li>\n<li><span style=\"font-size: 1rem;\">Incluye adaptador 6,3mm a 3,5mm.<\/span><\/li>\n<\/ul>\n","protected":false},"excerpt":{"rendered":"<p>Este set de dos micr\u00f3fonos inal\u00e1mbricos ofrece libertad de movimiento y sonido n\u00edtido, ideal para karaoke y otros eventos. Su dise\u00f1o unidireccional mejora la claridad de la voz y reduce los ruidos para una experiencia profesional. Alcance: 10m Tecnolog\u00eda unidireccional para mayor claridad de voz. Receptor con Plug 6.3mm con bater\u00eda recargable. Transmisi\u00f3n confiable y [&hellip;]<\/p>\n","protected":false},"featured_media":827,"template":"","meta":[],"product_brand":[],"product_cat":[60],"product_tag":[],"class_list":{"0":"post-826","1":"product","2":"type-product","3":"status-publish","4":"has-post-thumbnail","6":"product_cat-microfonos","8":"first","9":"instock","10":"shipping-taxable","11":"purchasable","12":"product-type-simple"},"jetpack_sharing_enabled":true,"_links":{"self":[{"href":"https:\/\/catamarcatech.com\/index.php?rest_route=\/wp\/v2\/product\/826","targetHints":{"allow":["GET"]}}],"collection":[{"href":"https:\/\/catamarcatech.com\/index.php?rest_route=\/wp\/v2\/product"}],"about":[{"href":"https:\/\/catamarcatech.com\/index.php?rest_route=\/wp\/v2\/types\/product"}],"wp:featuredmedia":[{"embeddable":true,"href":"https:\/\/catamarcatech.com\/index.php?rest_route=\/wp\/v2\/media\/827"}],"wp:attachment":[{"href":"https:\/\/catamarcatech.com\/index.php?rest_route=%2Fwp%2Fv2%2Fmedia&parent=826"}],"wp:term":[{"taxonomy":"product_brand","embeddable":true,"href":"https:\/\/catamarcatech.com\/index.php?rest_route=%2Fwp%2Fv2%2Fproduct_brand&post=826"},{"taxonomy":"product_cat","embeddable":true,"href":"https:\/\/catamarcatech.com\/index.php?rest_route=%2Fwp%2Fv2%2Fproduct_cat&post=826"},{"taxonomy":"product_tag","embeddable":true,"href":"https:\/\/catamarcatech.com\/index.php?rest_route=%2Fwp%2Fv2%2Fproduct_tag&post=826"}],"curies":[{"name":"wp","href":"https:\/\/api.w.org\/{rel}","templated":true}]}}