{"id":831,"date":"2026-04-14T15:31:38","date_gmt":"2026-04-14T15:31:38","guid":{"rendered":"https:\/\/catamarcatech.com\/?post_type=product&#038;p=831"},"modified":"2026-04-20T15:53:15","modified_gmt":"2026-04-20T15:53:15","slug":"tira-led-rgb-c-fuente-y-controlador-5mts-hytoshy","status":"publish","type":"product","link":"https:\/\/catamarcatech.com\/?product=tira-led-rgb-c-fuente-y-controlador-5mts-hytoshy","title":{"rendered":"TIRA LED RGB C\/FUENTE y CONTROLADOR 5mts HYTOSHY"},"content":{"rendered":"<p>La tecnolog\u00eda led es una excelente aliada para disminuir el consumo energ\u00e9tico. Se trata de una iluminaci\u00f3n que abre m\u00faltiples posibilidades para la decoraci\u00f3n de cada rinc\u00f3n de tu casa ya que, gracias a su flexibilidad, tendr\u00e1s la posibilidad de adaptarlas a distintos relieves y a espacios reducidos como esquinas y z\u00f3calos.<\/p>\n<p>Estilo e innovaci\u00f3n Debido a su protecci\u00f3n IP64, estas luminarias est\u00e1n dise\u00f1adas para ser utilizadas tanto en interiores como en exteriores. Podr\u00e1s decorar galer\u00edas, jardines y todos los sectores al aire libre del modo que m\u00e1s te guste y sin preocuparte por posibles precipitaciones o nevadas.<\/p>\n<p>Soportan la exposici\u00f3n al polvo y al agua, lo que les otorga una mayor durabilidad y resistencia. <strong>La fuente no es resistente al agua.<\/strong><\/p>\n<ul>\n<li>Con autoadhesivo<\/li>\n<li>60 led xMts<\/li>\n<li>Inlcuye transformador y Control<\/li>\n<li>Listo para conectar y usar<\/li>\n<li>Diferentes efectos: Destellos, Iluminaci\u00f3n ambiental, Flash<\/li>\n<li>Regulaci\u00f3n de Intensidad<\/li>\n<li>Dimmerizable desde el control remoto<\/li>\n<li>Ideal para decoraci\u00f3n del hogar, comercios, stands, boliches, vidrieras, etc<\/li>\n<li>Apto para autom\u00f3viles<\/li>\n<li>Funciona a 220V y 12V<\/li>\n<li>Puede cortarse cada 15cm<\/li>\n<\/ul>\n","protected":false},"excerpt":{"rendered":"<p>La tecnolog\u00eda led es una excelente aliada para disminuir el consumo energ\u00e9tico. Se trata de una iluminaci\u00f3n que abre m\u00faltiples posibilidades para la decoraci\u00f3n de cada rinc\u00f3n de tu casa ya que, gracias a su flexibilidad, tendr\u00e1s la posibilidad de adaptarlas a distintos relieves y a espacios reducidos como esquinas y z\u00f3calos. Estilo e innovaci\u00f3n [&hellip;]<\/p>\n","protected":false},"featured_media":832,"template":"","meta":[],"product_brand":[],"product_cat":[34],"product_tag":[],"class_list":{"0":"post-831","1":"product","2":"type-product","3":"status-publish","4":"has-post-thumbnail","6":"product_cat-iluminacion-2","8":"first","9":"instock","10":"shipping-taxable","11":"purchasable","12":"product-type-simple"},"jetpack_sharing_enabled":true,"_links":{"self":[{"href":"https:\/\/catamarcatech.com\/index.php?rest_route=\/wp\/v2\/product\/831","targetHints":{"allow":["GET"]}}],"collection":[{"href":"https:\/\/catamarcatech.com\/index.php?rest_route=\/wp\/v2\/product"}],"about":[{"href":"https:\/\/catamarcatech.com\/index.php?rest_route=\/wp\/v2\/types\/product"}],"wp:featuredmedia":[{"embeddable":true,"href":"https:\/\/catamarcatech.com\/index.php?rest_route=\/wp\/v2\/media\/832"}],"wp:attachment":[{"href":"https:\/\/catamarcatech.com\/index.php?rest_route=%2Fwp%2Fv2%2Fmedia&parent=831"}],"wp:term":[{"taxonomy":"product_brand","embeddable":true,"href":"https:\/\/catamarcatech.com\/index.php?rest_route=%2Fwp%2Fv2%2Fproduct_brand&post=831"},{"taxonomy":"product_cat","embeddable":true,"href":"https:\/\/catamarcatech.com\/index.php?rest_route=%2Fwp%2Fv2%2Fproduct_cat&post=831"},{"taxonomy":"product_tag","embeddable":true,"href":"https:\/\/catamarcatech.com\/index.php?rest_route=%2Fwp%2Fv2%2Fproduct_tag&post=831"}],"curies":[{"name":"wp","href":"https:\/\/api.w.org\/{rel}","templated":true}]}}