{"id":833,"date":"2026-04-14T15:48:35","date_gmt":"2026-04-14T15:48:35","guid":{"rendered":"https:\/\/catamarcatech.com\/?post_type=product&#038;p=833"},"modified":"2026-04-20T15:57:52","modified_gmt":"2026-04-20T15:57:52","slug":"aro-led-rgb-para-celular-10-c-tripode-2mt","status":"publish","type":"product","link":"https:\/\/catamarcatech.com\/?product=aro-led-rgb-para-celular-10-c-tripode-2mt","title":{"rendered":"ARO LED RGB PARA CELULAR 10&#8243; C\/TRIPODE 2mt"},"content":{"rendered":"<p>Este Aro de luz Led RGB con soporte especial para celular es acompa\u00f1ado de un tr\u00edpode de 2.10 metros de altura. Con la caracter\u00edstica de RGB, permite cambiar a cualquier color que desee, proporcionando una iluminaci\u00f3n vers\u00e1til para cualquier situaci\u00f3n. Adem\u00e1s, tiene tres tonos de blanco diferentes: fr\u00edo, c\u00e1lido y neutro, lo que le permite ajustar la iluminaci\u00f3n a su gusto y necesidad.<\/p>\n<p>CARACTERISTICAS<\/p>\n<ul>\n<li>Aro RGB de 36cm<\/li>\n<li>Simple y conveniente para operar, para tus vivos, selfis, videos y tiktok!<\/li>\n<li>Alimentaci\u00f3n por USB muy conveniente, adecuado para la mayor\u00eda de dispositivos (port\u00e1til, PC, Powers bank, cargador USB, y etc)<\/li>\n<li>Rotaci\u00f3n 360 grados<\/li>\n<li>Libre ajuste del \u00e1ngulo<\/li>\n<li>Soporte para celular antideslizante<\/li>\n<li>Protecci\u00f3n de la vista<\/li>\n<li>Luz blanca, c\u00e1lida y RGB (diferentes colores)<\/li>\n<li>Distancia de uso recomendada: entre 30 y 140 cm (la distancia \u00f3ptima var\u00eda seg\u00fan la iluminaci\u00f3n del ambiente y la potencia con la que se utilice el aro)<\/li>\n<li>Incluye Tr\u00edpode<\/li>\n<li>Cabezal m\u00f3vil<\/li>\n<li>Temperatura de Color: 3000K-6000K<\/li>\n<li>Voltaje de entrada: 5V<\/li>\n<\/ul>\n","protected":false},"excerpt":{"rendered":"<p>Este Aro de luz Led RGB con soporte especial para celular es acompa\u00f1ado de un tr\u00edpode de 2.10 metros de altura. Con la caracter\u00edstica de RGB, permite cambiar a cualquier color que desee, proporcionando una iluminaci\u00f3n vers\u00e1til para cualquier situaci\u00f3n. Adem\u00e1s, tiene tres tonos de blanco diferentes: fr\u00edo, c\u00e1lido y neutro, lo que le permite [&hellip;]<\/p>\n","protected":false},"featured_media":834,"template":"","meta":[],"product_brand":[],"product_cat":[34],"product_tag":[],"class_list":{"0":"post-833","1":"product","2":"type-product","3":"status-publish","4":"has-post-thumbnail","6":"product_cat-iluminacion-2","8":"first","9":"instock","10":"shipping-taxable","11":"purchasable","12":"product-type-simple"},"jetpack_sharing_enabled":true,"_links":{"self":[{"href":"https:\/\/catamarcatech.com\/index.php?rest_route=\/wp\/v2\/product\/833","targetHints":{"allow":["GET"]}}],"collection":[{"href":"https:\/\/catamarcatech.com\/index.php?rest_route=\/wp\/v2\/product"}],"about":[{"href":"https:\/\/catamarcatech.com\/index.php?rest_route=\/wp\/v2\/types\/product"}],"wp:featuredmedia":[{"embeddable":true,"href":"https:\/\/catamarcatech.com\/index.php?rest_route=\/wp\/v2\/media\/834"}],"wp:attachment":[{"href":"https:\/\/catamarcatech.com\/index.php?rest_route=%2Fwp%2Fv2%2Fmedia&parent=833"}],"wp:term":[{"taxonomy":"product_brand","embeddable":true,"href":"https:\/\/catamarcatech.com\/index.php?rest_route=%2Fwp%2Fv2%2Fproduct_brand&post=833"},{"taxonomy":"product_cat","embeddable":true,"href":"https:\/\/catamarcatech.com\/index.php?rest_route=%2Fwp%2Fv2%2Fproduct_cat&post=833"},{"taxonomy":"product_tag","embeddable":true,"href":"https:\/\/catamarcatech.com\/index.php?rest_route=%2Fwp%2Fv2%2Fproduct_tag&post=833"}],"curies":[{"name":"wp","href":"https:\/\/api.w.org\/{rel}","templated":true}]}}