{"id":847,"date":"2026-04-20T12:32:12","date_gmt":"2026-04-20T12:32:12","guid":{"rendered":"https:\/\/catamarcatech.com\/?post_type=product&#038;p=847"},"modified":"2026-04-20T12:32:12","modified_gmt":"2026-04-20T12:32:12","slug":"reflector-led-50w-rgb-c-control","status":"publish","type":"product","link":"https:\/\/catamarcatech.com\/?product=reflector-led-50w-rgb-c-control","title":{"rendered":"REFLECTOR LED 50W RGB C\/CONTROL"},"content":{"rendered":"<p>Reflector LED Multiled RGB de 50W, modelo Slim ultra chato, dise\u00f1ado para brindar alta potencia lum\u00ednica y al mismo tiempo iluminaci\u00f3n decorativa gracias a sus m\u00faltiples colores controlados mediante control remoto. Ideal para crear ambientes modernos, destacar espacios exteriores o realizar iluminaci\u00f3n ambiental en eventos y hogares.<\/p>\n<p>Especificaciones<\/p>\n<ul>\n<li>Potencia: 50W<\/li>\n<li>Protecci\u00f3n: IP66<\/li>\n<li>Cantidad de Leds: 50 lm<\/li>\n<li>Medidas: 20,50cm x 10cm<\/li>\n<li>Temperatura del color: 6500K<\/li>\n<li>Color de Luz: Multicolor RGB<\/li>\n<li>Voltaje: AC 85-277V<\/li>\n<li>Vida \u00datil: 30.000 horas<\/li>\n<li>Material: Aluminio<\/li>\n<li>Angulo de iluminaci\u00f3n: 120\u00b0<\/li>\n<li>Ahorro de Energ\u00eda: 80%<\/li>\n<li>Carcasa: Negra<\/li>\n<\/ul>\n","protected":false},"excerpt":{"rendered":"<p>Reflector LED Multiled RGB de 50W, modelo Slim ultra chato, dise\u00f1ado para brindar alta potencia lum\u00ednica y al mismo tiempo iluminaci\u00f3n decorativa gracias a sus m\u00faltiples colores controlados mediante control remoto. Ideal para crear ambientes modernos, destacar espacios exteriores o realizar iluminaci\u00f3n ambiental en eventos y hogares. Especificaciones Potencia: 50W Protecci\u00f3n: IP66 Cantidad de Leds: [&hellip;]<\/p>\n","protected":false},"featured_media":848,"template":"","meta":[],"product_brand":[],"product_cat":[34],"product_tag":[],"class_list":{"0":"post-847","1":"product","2":"type-product","3":"status-publish","4":"has-post-thumbnail","6":"product_cat-iluminacion-2","8":"first","9":"instock","10":"shipping-taxable","11":"purchasable","12":"product-type-simple"},"jetpack_sharing_enabled":true,"_links":{"self":[{"href":"https:\/\/catamarcatech.com\/index.php?rest_route=\/wp\/v2\/product\/847","targetHints":{"allow":["GET"]}}],"collection":[{"href":"https:\/\/catamarcatech.com\/index.php?rest_route=\/wp\/v2\/product"}],"about":[{"href":"https:\/\/catamarcatech.com\/index.php?rest_route=\/wp\/v2\/types\/product"}],"wp:featuredmedia":[{"embeddable":true,"href":"https:\/\/catamarcatech.com\/index.php?rest_route=\/wp\/v2\/media\/848"}],"wp:attachment":[{"href":"https:\/\/catamarcatech.com\/index.php?rest_route=%2Fwp%2Fv2%2Fmedia&parent=847"}],"wp:term":[{"taxonomy":"product_brand","embeddable":true,"href":"https:\/\/catamarcatech.com\/index.php?rest_route=%2Fwp%2Fv2%2Fproduct_brand&post=847"},{"taxonomy":"product_cat","embeddable":true,"href":"https:\/\/catamarcatech.com\/index.php?rest_route=%2Fwp%2Fv2%2Fproduct_cat&post=847"},{"taxonomy":"product_tag","embeddable":true,"href":"https:\/\/catamarcatech.com\/index.php?rest_route=%2Fwp%2Fv2%2Fproduct_tag&post=847"}],"curies":[{"name":"wp","href":"https:\/\/api.w.org\/{rel}","templated":true}]}}